{"id":3898,"date":"2020-02-08T20:15:52","date_gmt":"2020-02-08T20:15:52","guid":{"rendered":"https:\/\/olesur.com\/recursos\/?page_id=3898"},"modified":"2020-02-08T20:16:01","modified_gmt":"2020-02-08T20:16:01","slug":"generador-sopa-de-letras","status":"publish","type":"page","link":"https:\/\/olesur.com\/recursos\/generador-sopa-de-letras\/","title":{"rendered":"Generador Sopa de Letras"},"content":{"rendered":"<h2>Generar sopa de letras, nunca ha sido tan f\u00e1cil.<\/h2>\n<p>Ahora con nuestro renovado <a href=\"https:\/\/www.olesur.com\/educacion\/sopa-de-letras.asp\">generador de sopa de letras<\/a>, es mucho m\u00e1s f\u00e1cil. Hemos cambiado el dise\u00f1o y tambi\u00e9n incluido m\u00e1s herramientas. Ahora contamos con palabras del m\u00e9todo de lectoescritura y tambi\u00e9n por centros de inter\u00e9s, como provincias de Andaluc\u00eda, d\u00edas de la semana, planetas, animales salvajes, medios de transportes, capitales, pa\u00edses del mundo, deportes, colores y empezamos tambi\u00e9n la secci\u00f3n de ingl\u00e9s con \u00abcolors\u00bb.<\/p>\n<figure id=\"attachment_3896\" aria-describedby=\"caption-attachment-3896\" style=\"width: 275px\" class=\"wp-caption aligncenter\"><a href=\"https:\/\/www.olesur.com\/educacion\/sopa-de-letras.asp\" rel=\"attachment wp-att-3896\"><img decoding=\"async\" loading=\"lazy\" class=\"wp-image-3896 size-medium\" src=\"https:\/\/olesur.com\/recursos\/wp-content\/uploads\/2017\/02\/sopa-de-letras-andalucia-275x300.png\" width=\"275\" height=\"300\" srcset=\"https:\/\/olesur.com\/recursos\/wp-content\/uploads\/2017\/02\/sopa-de-letras-andalucia-275x300.png 275w, https:\/\/olesur.com\/recursos\/wp-content\/uploads\/2017\/02\/sopa-de-letras-andalucia-300x327.png 300w, https:\/\/olesur.com\/recursos\/wp-content\/uploads\/2017\/02\/sopa-de-letras-andalucia.png 622w\" sizes=\"(max-width: 275px) 100vw, 275px\"><\/a><figcaption id=\"caption-attachment-3896\" class=\"wp-caption-text\">Descargar: Sopa de Letras: Provincias Andaluc\u00eda<\/figcaption><\/figure>\n","protected":false},"excerpt":{"rendered":"<p>Generar sopa de letras, nunca ha sido tan f\u00e1cil. Ahora con nuestro renovado generador de sopa de letras, es mucho m\u00e1s f\u00e1cil. Hemos cambiado el dise\u00f1o y tambi\u00e9n incluido m\u00e1s herramientas. Ahora contamos con palabras del m\u00e9todo de lectoescritura y tambi\u00e9n por centros de inter\u00e9s, como provincias de Andaluc\u00eda, d\u00edas &#8230;<\/p>\n","protected":false},"author":1,"featured_media":0,"parent":0,"menu_order":0,"comment_status":"closed","ping_status":"closed","template":"","meta":[],"_links":{"self":[{"href":"https:\/\/olesur.com\/recursos\/wp-json\/wp\/v2\/pages\/3898"}],"collection":[{"href":"https:\/\/olesur.com\/recursos\/wp-json\/wp\/v2\/pages"}],"about":[{"href":"https:\/\/olesur.com\/recursos\/wp-json\/wp\/v2\/types\/page"}],"author":[{"embeddable":true,"href":"https:\/\/olesur.com\/recursos\/wp-json\/wp\/v2\/users\/1"}],"replies":[{"embeddable":true,"href":"https:\/\/olesur.com\/recursos\/wp-json\/wp\/v2\/comments?post=3898"}],"version-history":[{"count":0,"href":"https:\/\/olesur.com\/recursos\/wp-json\/wp\/v2\/pages\/3898\/revisions"}],"wp:attachment":[{"href":"https:\/\/olesur.com\/recursos\/wp-json\/wp\/v2\/media?parent=3898"}],"curies":[{"name":"wp","href":"https:\/\/api.w.org\/{rel}","templated":true}]}}